{"id":8,"date":"2013-01-23T18:29:07","date_gmt":"2013-01-23T23:29:07","guid":{"rendered":"http:\/\/minyaka.com\/ponto\/?page_id=8"},"modified":"2023-05-23T19:46:45","modified_gmt":"2023-05-23T23:46:45","slug":"a-propos","status":"publish","type":"page","link":"https:\/\/minyaka.com\/ponto\/a-propos\/","title":{"rendered":"\u00c0 Propos"},"content":{"rendered":"<p><span style=\"color: #333333;\"><span style=\"font-size: small;\">Ponto, c&rsquo;est l&rsquo;histoire d&rsquo;un jeune c\u00f4ne routier qui r\u00e9alise son r\u00eave en d\u00e9cidant de quitter son patelin natal en bordure de l&rsquo;autoroute 30 pour aller vivre \u00e0 Montr\u00e9al, une grande ville attrayante o\u00f9 les travaux\u00a0d&rsquo;infrastructure se multiplient \u00e0 chaque jour. Avec son optimisme l\u00e9gendaire, Ponto fera de son mieux pour veiller sur la s\u00e9curit\u00e9 des automobilistes et de pi\u00e9tons mais il d\u00e9couvrira rapidement que la vie \u00e0 Montr\u00e9al ne sera pas de tout repos et que plusieurs aventures rocambolesques l&rsquo;attendent.\u00a0<\/span><\/span><\/p>\n<p><span style=\"font-size: small;\">Cette bande dessin\u00e9e est une r\u00e9action humoristique teint\u00e9e d&rsquo;innocence envers la frustration que vivent quotidiennement les montr\u00e9alais face \u00e0 la d\u00e9cr\u00e9pitude g\u00e9n\u00e9ralis\u00e9e de leur ville. M\u00eame si le c\u00f4ne orange est devenu malgr\u00e9 lui le symbole de cette malheureuse situation, Ponto saura vous faire red\u00e9couvrir votre ville et retomber en amour avec Montr\u00e9al.<\/span><\/p>\n<h3><strong>Ponto dans la presse:<\/strong><\/h3>\n<p><img loading=\"lazy\" class=\"alignnone wp-image-3002 size-medium\" src=\"https:\/\/minyaka.com\/ponto\/wp-content\/uploads\/2020\/01\/70632143_2668816133150081_8575426931208486912_n-248x300.jpg\" alt=\"\" width=\"248\" height=\"300\" srcset=\"https:\/\/minyaka.com\/ponto\/wp-content\/uploads\/2020\/01\/70632143_2668816133150081_8575426931208486912_n-248x300.jpg 248w, https:\/\/minyaka.com\/ponto\/wp-content\/uploads\/2020\/01\/70632143_2668816133150081_8575426931208486912_n.jpg 719w\" sizes=\"(max-width: 248px) 100vw, 248px\" \/><br \/>\n<strong><br \/>\nPonto dans les journaux:<\/strong><\/p>\n<p><strong><a href=\"https:\/\/www.journaldemontreal.com\/2019\/09\/09\/lancement-dune-bande-dessinee-relatant-les-aventures-dun-cone-orange\" target=\"_blank\" rel=\"noopener\">Lancement d&rsquo;une bande dessin\u00e9e relatant<br \/>\nles aventures d&rsquo;un c\u00f4ne orange<\/a><br \/>\n<\/strong>Gabriel Beauchemin, 24h Montr\u00e9al, 2019<\/p>\n<p><strong><a href=\"https:\/\/www.lesbonsplans.ca\/2019\/02\/07\/entrevue-avec-tania-mignacc-bedeiste-illustratice-ponto\/\" target=\"_blank\" rel=\"noopener\">D\u00e9couvrez la conceptrice derri\u00e8re<br \/>\nle petit c\u00f4ne orange Ponto<\/a><br \/>\n<\/strong>Isabelle Vall\u00e9e, Les bons plans, 2019<br \/>\n<strong><br \/>\n<a href=\"https:\/\/www.cbc.ca\/news\/canada\/montreal\/montreal-s-unofficial-cartoon-mascot-ponto-gets-a-brand-new-book-1.4967474\" target=\"_blank\" rel=\"noopener\">Montreal&rsquo;s unofficial cartoon mascot,<br \/>\nPonto gets a book<\/a><br \/>\n<\/strong>Sarah Leavitt, CBC Montreal, 2019<\/p>\n<p><strong><a href=\"https:\/\/www.journaldemontreal.com\/2018\/11\/28\/ponto-aura-sa-bande-dessinee-imprimee-1\" target=\"_blank\" rel=\"noopener\">Ponto aura sa bande dessin\u00e9e imprim\u00e9e<\/a><br \/>\n<\/strong>Justine Gravel, Journal de Montr\u00e9al, 2018<\/p>\n<p><strong><a href=\"https:\/\/journalmetro.com\/local\/sud-ouest\/1996407\/ponto-aura-son-livre\/\" target=\"_blank\" rel=\"noopener\">Ponto aura son livre<\/a><br \/>\n<\/strong>Nadia Lemieux, Journal M\u00e9tro, 2018<\/p>\n<p><strong><a href=\"https:\/\/www.ledevoir.com\/societe\/transports-urbanisme\/524276\/a-force-d-autoderision-le-cone-orange-est-devenu-une-icone-aimee-des-quebecois\" target=\"_blank\" rel=\"noopener\">PoL&rsquo;amour inavou\u00e9 des Qu\u00e9b\u00e9cois pour les c\u00f4nes orange<\/a><br \/>\n<\/strong>Katia Tobar, Le Devoir, 2018<\/p>\n<p><a href=\"https:\/\/minyaka.com\/ponto\/wp-content\/uploads\/2020\/01\/lexpress.jpg\" target=\"_blank\" rel=\"noopener\"><strong>EMBL\u00c8ME: Les c\u00f4nes oranges<\/strong><\/a><br \/>\nIsabelle Gr\u00e9goire &#8211;<a href=\"http:\/\/www.lexpress.fr\/\" target=\"_blank\" rel=\"noopener\"> L&rsquo;EXPRESS<\/a> Hors-s\u00e9rie Juin 2017, Paris<\/p>\n<p><strong><a href=\"https:\/\/www.storiesmtl.com\/ponto\" target=\"_blank\" rel=\"noopener\">Portrait 375BIXI<\/a><\/strong><br \/>\nStories MTL, 2017<\/p>\n<p><strong><a href=\"http:\/\/www.cbc.ca\/news\/canada\/montreal\/construction-montreal-popsicle-st-henri-1.3695126\" target=\"_blank\" rel=\"noopener\">Where construction season tastes like passion fruit<\/a><\/strong><br \/>\nCBC Montr\u00e9al, 2016<\/p>\n<p><a href=\"http:\/\/plus.lapresse.ca\/screens\/2d860eb6-2e12-41d4-adb4-1eb77fe6e723%7C_0.html\" target=\"_blank\" rel=\"noopener\"><strong>Un c\u00f4ne orange pour aimer Montr\u00e9al<\/strong><\/a><br \/>\nBruno Bisson\u00a0&#8211;\u00a0La Presse, 2016<\/p>\n<p><a href=\"http:\/\/www.journaldemontreal.com\/2016\/07\/04\/des-travaux-a-la-mode\" target=\"_blank\" rel=\"noopener\"><strong>Des travaux \u00e0 la mode<\/strong><\/a><br \/>\nLouis-Philippe Messier\u00a0&#8211;\u00a0Journal 24h, 2016<\/p>\n<p><a href=\"http:\/\/www.journaldemontreal.com\/2016\/02\/02\/5-objets-que-les-amoureux-de-montreal-doivent-se-procurer\" target=\"_blank\" rel=\"noopener\"><strong>5 objets que les amoureux de Montr\u00e9al devront<br \/>\nse procurer<\/strong><\/a><br \/>\nAm\u00e9li Pineda &#8211;\u00a0Journal 24h, 2016<\/p>\n<p><strong><a href=\"http:\/\/www.journaldemontreal.com\/2015\/08\/21\/un-cone-orange-qui-vous-veut-du-bien\" target=\"_blank\" rel=\"noopener\">Un c\u00f4ne orange qui vous veux du bien<\/a><\/strong><br \/>\nJudith Plamondon\u00a0&#8211;\u00a0Journal de Montr\u00e9al, 2015<\/p>\n<p><a href=\"http:\/\/ici.radio-canada.ca\/regions\/montreal\/2015\/01\/22\/003-cone-orange-travaux-bande-dessinee-congestion-bouchon-montreal.shtml\" target=\"_blank\" rel=\"noopener\"><strong>Le seul c\u00f4ne orange qui vous fera sourire!\u00a0<\/strong><\/a><br \/>\n\u00c9tienne Leblanc &#8211; Radio-Canada, 2015<\/p>\n<p><strong><a title=\"Today\u2019s watercolor: Ponto and Shingo!\" href=\"http:\/\/superhappyawesome.co\/2014\/04\/06\/ponto-and-shingo\/\" target=\"_blank\" rel=\"noopener\">Today&rsquo;s watercolor:\u00a0Ponto and Shingo!\u00a0<\/a><\/strong><br \/>\nAlice Volkmar\u00a0&#8211;\u00a0Super Happy Awesome, 2014<\/p>\n<p><strong><a href=\"http:\/\/stephanienoel-atua.blogspot.ca\/2014\/01\/dreamers-interview-series-tania-mignacca.html\" target=\"_blank\" rel=\"noopener\">Dreamers Interview Series \u2013 Tania Mignacca <\/a><\/strong><br \/>\nSt\u00e9phanie No\u00ebl &#8211; A Truth Universally Acknowledged, 2014<\/p>\n<p><strong><a href=\"http:\/\/proposmontreal.com\/index.php\/je-vous-presente-tania-et-ponto\/\" target=\"_blank\" rel=\"noopener\">Je vous pr\u00e9sente Tania et Ponto<br \/>\n<\/a><\/strong>Martin B\u00e9rub\u00e9 &#8211; Propos Montr\u00e9al, 2013<\/p>\n<p><strong><a href=\"http:\/\/cultmontreal.com\/2013\/09\/meet-ponto-montreals-unofficial-new-mascot\/\" target=\"_blank\" rel=\"noopener\">Meet Ponto, Montr\u00e9al&rsquo;s unofficial mascot<br \/>\n<\/a><\/strong>Erik Leijon &#8211; CULT #MTL, 2013<\/p>\n<p><strong><a href=\"https:\/\/minyaka.com\/ponto\/wp-content\/uploads\/2013\/01\/jd_leduc.jpg\" target=\"_blank\" rel=\"noopener\">Trouvaille web: Ponto<br \/>\n<\/a><\/strong>Jean-Dominic Leduc &#8211; Journal de Montr\u00e9al ,2013<\/p>\n<p><img loading=\"lazy\" class=\"alignnone wp-image-3003 size-medium\" src=\"https:\/\/minyaka.com\/ponto\/wp-content\/uploads\/2020\/01\/68924896_2631878926843802_1644578535672643584_n-1-261x300.jpg\" alt=\"\" width=\"261\" height=\"300\" srcset=\"https:\/\/minyaka.com\/ponto\/wp-content\/uploads\/2020\/01\/68924896_2631878926843802_1644578535672643584_n-1-261x300.jpg 261w, https:\/\/minyaka.com\/ponto\/wp-content\/uploads\/2020\/01\/68924896_2631878926843802_1644578535672643584_n-1-768x884.jpg 768w, https:\/\/minyaka.com\/ponto\/wp-content\/uploads\/2020\/01\/68924896_2631878926843802_1644578535672643584_n-1.jpg 834w\" sizes=\"(max-width: 261px) 100vw, 261px\" \/><\/p>\n<p><strong>Ponto \u00e0 la radio:<\/strong><\/p>\n<p><strong><a href=\"https:\/\/www.choq.ca\/episodes\/mr-63\/emission-du-21-aout-2019\/?fbclid=IwAR2xZS7prFFmeLwt1sVtxDmrVfwF2NJXdcFi0EEctQu350J6Awwzp8L6Ov0\" target=\"_blank\" rel=\"noopener\">Entrevue avec Tania Mignacca<\/a><a href=\"http:\/\/ici.radio-canada.ca\/emissions\/le_15_18\/2014-2015\/archives.asp?date=2015%2F07%2F15&amp;indTime=2184&amp;idmedia=7315936\" target=\"_blank\" rel=\"noopener\"><br \/>\n<\/a><\/strong><a href=\"https:\/\/www.choq.ca\/episodes\/mr-63\/emission-du-21-aout-2019\/?fbclid=IwAR2xZS7prFFmeLwt1sVtxDmrVfwF2NJXdcFi0EEctQu350J6Awwzp8L6Ov0\" target=\"_blank\" rel=\"noopener\">MR-63 EP5<\/a>,<br \/>\nCHOQ.ca<br \/>\n2019<\/p>\n<p><strong>Interview about Ponto<a href=\"http:\/\/ici.radio-canada.ca\/emissions\/le_15_18\/2014-2015\/archives.asp?date=2015%2F07%2F15&amp;indTime=2184&amp;idmedia=7315936\" target=\"_blank\" rel=\"noopener\"><br \/>\n<\/a><\/strong><a href=\"http:\/\/www.cjad.com\/Shows\/BarryMorganShow.aspx\" target=\"_blank\" rel=\"noopener\">The Barry Morgan Show<\/a>,<br \/>\nanim\u00e9e par Trudie Mason-CJAD 800AM<br \/>\n2015<\/p>\n<p><strong>Je blogue Montr\u00e9a<\/strong><strong>l<\/strong><strong><br \/>\n<\/strong><a href=\"http:\/\/ici.radio-canada.ca\/emissions\/le_15_18\/2014-2015\/index.asp\" target=\"_blank\" rel=\"noopener\">Le 15-18<\/a>,<br \/>\nanim\u00e9e par Maxime Couti\u00e9<br \/>\nICI Radio-Canada Premi\u00e8re<br \/>\n2015<\/p>\n<p><strong>Entrevue avec <\/strong><strong>Tania<\/strong><strong> M<\/strong><strong>ignacca<\/strong><strong><br \/>\n<\/strong>J&rsquo;aime Montr\u00e9al,<br \/>\nanim\u00e9e par Louise-Marie Bouchard-<br \/>\nCIBL 101.5 FM<br \/>\n2015<\/p>\n<p><a href=\"http:\/\/ici.radio-canada.ca\/emissions\/le_15_18\/2014-2015\/archives.asp?date=2015%2F01%2F22&amp;indTime=1209&amp;idmedia=7232834\" target=\"_blank\" rel=\"noopener\"><strong>Change ta Ville &#8211; Chronique d&rsquo;\u00c9tienne Leblanc<br \/>\n<\/strong><\/a><a href=\"http:\/\/ici.radio-canada.ca\/emissions\/le_15_18\/2014-2015\/index.asp\" target=\"_blank\" rel=\"noopener\">Le 15-18<\/a>,<br \/>\nanim\u00e9e par Michel C Auger-<br \/>\nICI Radio-Canada Premi\u00e8re<br \/>\n2015<\/p>\n<p><a href=\"http:\/\/www.radio-canada.ca\/widgets\/mediaconsole\/medianet\/6840429\" target=\"_blank\" rel=\"noopener\"><strong>l&rsquo;anniversaire du c\u00f4ne orange (vers 15:05min)<br \/>\n<\/strong><\/a><a href=\"http:\/\/www.radio-canada.ca\/emissions\/c_est_pas_trop_tot\/2013-2014\/\" target=\"_blank\" rel=\"noopener\">C&rsquo;est pas trop t\u00f4t<\/a>, anim\u00e9e par Marie-France Bazzo &#8211;<br \/>\nICI Radio-Canada Premi\u00e8re<br \/>\n2014<\/p>\n<p><img loading=\"lazy\" class=\"alignnone wp-image-3005 size-medium\" src=\"https:\/\/minyaka.com\/ponto\/wp-content\/uploads\/2020\/01\/82090590_2919383764759982_1512215318716481536_n-300x300.jpg\" alt=\"\" width=\"300\" height=\"300\" srcset=\"https:\/\/minyaka.com\/ponto\/wp-content\/uploads\/2020\/01\/82090590_2919383764759982_1512215318716481536_n-300x300.jpg 300w, https:\/\/minyaka.com\/ponto\/wp-content\/uploads\/2020\/01\/82090590_2919383764759982_1512215318716481536_n-150x150.jpg 150w, https:\/\/minyaka.com\/ponto\/wp-content\/uploads\/2020\/01\/82090590_2919383764759982_1512215318716481536_n-768x768.jpg 768w, https:\/\/minyaka.com\/ponto\/wp-content\/uploads\/2020\/01\/82090590_2919383764759982_1512215318716481536_n.jpg 960w\" sizes=\"(max-width: 300px) 100vw, 300px\" \/><\/p>\n<p><strong>Ponto \u00e0 la t\u00e9l\u00e9:<\/strong><\/p>\n<p><a href=\"https:\/\/montreal.citynews.ca\/video\/2020\/01\/03\/the-orange-cone-that-could\/\" target=\"_blank\" rel=\"noopener\"><strong>The orange cone that could<br \/>\n<\/strong><\/a>avec Melina Giubilaro- 3 janvier 2019<br \/>\n<a href=\"https:\/\/montreal.ctvnews.ca\/\" target=\"_blank\" rel=\"noopener\">CityNews Montreal<\/a><\/p>\n<p><a href=\"http:\/\/matv.ca\/montreal\/mes-emissions\/ma-curieuse-cite\/videos\/5244724004001\" target=\"_blank\" rel=\"noopener\"><strong>The illustrator<br \/>\n<\/strong><\/a>Montreal storytellers Episode 1- 19 novembre 2018<br \/>\n<a href=\"https:\/\/www.youtube.com\/channel\/UC4MJNmZWU1-5LDec-NyaUdw\" target=\"_blank\" rel=\"noopener\">What&rsquo;s up Montreal<\/a><\/p>\n<p><a href=\"https:\/\/www.facebook.com\/CBCMontreal\/videos\/10155857574086298\/\" target=\"_blank\" rel=\"noopener\"><strong>Montreal comic artist brings<br \/>\nPonto to ComicCon<br \/>\n<\/strong><\/a>CBC News Montreal &#8211; 8 juillet 2018<br \/>\n<a href=\"https:\/\/montreal.ctvnews.ca\/\" target=\"_blank\" rel=\"noopener\">CBC Montreal<\/a><\/p>\n<p><a href=\"http:\/\/matv.ca\/montreal\/mes-emissions\/ma-curieuse-cite\/videos\/5244724004001\" target=\"_blank\" rel=\"noopener\"><strong>What&rsquo;s On<br \/>\n<\/strong><\/a>with Christine Long &#8211; 3 juin 2018<br \/>\n<a href=\"https:\/\/montreal.ctvnews.ca\/\" target=\"_blank\" rel=\"noopener\">CTV Montreal<\/a><\/p>\n<p><strong>Ma Curieuse Cit\u00e9<br \/>\n<\/strong>chronique d&rsquo;Ariane Pilon\u00a0&#8211; 14 d\u00e9cembre 2016<br \/>\n<a href=\"http:\/\/matv.ca\/montreal\" target=\"_blank\" rel=\"noopener\">MAtv<\/a><\/p>\n<p><strong>Ma Liste \u00e0 moi &#8211; Alexandre Despatie<br \/>\n<\/strong>Anim\u00e9e par Christine Michaud &#8211; 1er octobre 2016<br \/>\n<a href=\"http:\/\/tva.canoe.ca\/emissions\/boomerang\/\" target=\"_blank\" rel=\"noopener\">TVA<\/a><\/p>\n<p><strong>Montr\u00e9alit\u00e9<br \/>\n<\/strong>anim\u00e9e par Katerine-Lune Rollet -28 septembre 2015<br \/>\n<a href=\"http:\/\/matv.ca\/montreal\" target=\"_blank\" rel=\"noopener\">MAtv<\/a><\/p>\n<h3><strong><br \/>\nPoints de vente<\/strong><\/h3>\n<p>Pour vous procurer des produits d\u00e9riv\u00e9s Ponto<\/p>\n<p><strong><a class=\"_2wma\" href=\"https:\/\/www.etsy.com\/shop\/minyaka\" target=\"_blank\" rel=\"noopener\">BOUTIQUE EN LIGNE &#8211; Etsy<\/a><\/strong><\/p>\n<p><strong><a class=\"_2wma\" href=\"https:\/\/www.facebook.com\/kitschalos\/?ref=page_internal\" target=\"_blank\" rel=\"noopener\">Kitsch\u00c0 l&rsquo;Os<br \/>\n<\/a><\/strong><span class=\"_50f4\">3439 rue Hochelaga,\u00a0<\/span><span class=\"_50f4\">Montreal, Qu\u00e9bec<br \/>\n<strong><a class=\"_2wma\" href=\"https:\/\/artpopmontreal.com\/\" target=\"_blank\" rel=\"noopener\">Artpop Montr\u00e9al<br \/>\n<\/a><\/strong>129 avenue du Mont-Royal Est, Montreal, Qu\u00e9bec<br \/>\n<strong><a class=\"_2wma\" href=\"http:\/\/crossovercomics.ca\/\" target=\"_blank\" rel=\"noopener\">Librairie Crossover Comics<br \/>\n<\/a><\/strong>3560 rue Notre-Dame Ouest,\u00a0Montr\u00e9al, Qu\u00e9bec<br \/>\n<strong><a class=\"_2wma\" href=\"http:\/\/librairieleuguelionne.com\/\" target=\"_blank\" rel=\"noopener\">L&rsquo;eugu\u00e9lionne, Librairie f\u00e9ministe<br \/>\n<\/a><\/strong>1426 rue Beaudry,\u00a0Montr\u00e9al, Qu\u00e9bec<br \/>\n<strong><a class=\"_2wma\" href=\"http:\/\/www.planetebd.ca\/\" target=\"_blank\" rel=\"noopener\">Plan\u00e8te BD<br \/>\n<\/a><\/strong>4077 rue St Denis, Montr\u00e9al, Qu\u00e9bec<br \/>\n<\/span><\/p>\n<h3>Tania Mignacca, l&rsquo;auteure<\/h3>\n<p><span style=\"color: #333333;\"><span style=\"color: #333333;\">Illustratrice et designer graphique son travail s&rsquo;inspire principalement de la culture japonaise et du patrimoine industriel montr\u00e9alais. Sp\u00e9cialis\u00e9e en imprim\u00e9, elle amalgame techniques traditionnelles et virtuelles pour cr\u00e9er des pi\u00e8ces chaleureuses et vivantes. Elle aime aussi aller se promener pour photographier le panorama inusit\u00e9 de sa ville.<\/span><\/span><\/p>\n<p><span style=\"color: #333333;\">Jetez un coup d&rsquo;oeil \u00e0 son\u00a0<a href=\"http:\/\/www.minyaka.com\/\" target=\"_blank\" rel=\"noopener\">portfolio<\/a>!<\/span><\/p>\n","protected":false},"excerpt":{"rendered":"<p>Ponto, c&rsquo;est l&rsquo;histoire d&rsquo;un jeune c\u00f4ne routier qui r\u00e9alise son r\u00eave en d\u00e9cidant de quitter son patelin natal en bordure de l&rsquo;autoroute 30 pour aller vivre \u00e0 Montr\u00e9al, une grande ville attrayante o\u00f9 les travaux\u00a0d&rsquo;infrastructure se multiplient \u00e0 chaque jour. [&hellip;] <a class=\"more-link\" href=\"https:\/\/minyaka.com\/ponto\/a-propos\/\">&darr; Read the rest of this entry&#8230;<\/a><\/p>\n","protected":false},"author":1,"featured_media":0,"parent":0,"menu_order":0,"comment_status":"closed","ping_status":"closed","template":"","meta":[],"yoast_head":"<!-- This site is optimized with the Yoast SEO plugin v16.7 - https:\/\/yoast.com\/wordpress\/plugins\/seo\/ -->\n<meta name=\"robots\" content=\"index, follow, max-snippet:-1, max-image-preview:large, max-video-preview:-1\" \/>\n<link rel=\"canonical\" href=\"https:\/\/minyaka.com\/ponto\/a-propos\/\" \/>\n<meta property=\"og:locale\" content=\"fr_FR\" \/>\n<meta property=\"og:type\" content=\"article\" \/>\n<meta property=\"og:title\" content=\"\u00c0 Propos - Ponto\" \/>\n<meta property=\"og:description\" content=\"Ponto, c&rsquo;est l&rsquo;histoire d&rsquo;un jeune c\u00f4ne routier qui r\u00e9alise son r\u00eave en d\u00e9cidant de quitter son patelin natal en bordure de l&rsquo;autoroute 30 pour aller vivre \u00e0 Montr\u00e9al, une grande ville attrayante o\u00f9 les travaux\u00a0d&rsquo;infrastructure se multiplient \u00e0 chaque jour. [&hellip;] &darr; Read the rest of this entry...\" \/>\n<meta property=\"og:url\" content=\"https:\/\/minyaka.com\/ponto\/a-propos\/\" \/>\n<meta property=\"og:site_name\" content=\"Ponto\" \/>\n<meta property=\"article:publisher\" content=\"https:\/\/www.facebook.com\/pontomontreal\/\" \/>\n<meta property=\"article:modified_time\" content=\"2023-05-23T23:46:45+00:00\" \/>\n<meta property=\"og:image\" content=\"https:\/\/minyaka.com\/ponto\/wp-content\/uploads\/2020\/01\/70632143_2668816133150081_8575426931208486912_n-248x300.jpg\" \/>\n<meta name=\"twitter:card\" content=\"summary_large_image\" \/>\n<meta name=\"twitter:site\" content=\"@ponto_mtl\" \/>\n<meta name=\"twitter:label1\" content=\"Dur\u00e9e de lecture est.\" \/>\n\t<meta name=\"twitter:data1\" content=\"4 minutes\" \/>\n<script type=\"application\/ld+json\" class=\"yoast-schema-graph\">{\"@context\":\"https:\/\/schema.org\",\"@graph\":[{\"@type\":\"WebSite\",\"@id\":\"https:\/\/minyaka.com\/ponto\/#website\",\"url\":\"https:\/\/minyaka.com\/ponto\/\",\"name\":\"Ponto\",\"description\":\"Parce qu&#039;on aime tous Montr\\u00e9al\",\"potentialAction\":[{\"@type\":\"SearchAction\",\"target\":{\"@type\":\"EntryPoint\",\"urlTemplate\":\"https:\/\/minyaka.com\/ponto\/?s={search_term_string}\"},\"query-input\":\"required name=search_term_string\"}],\"inLanguage\":\"fr-FR\"},{\"@type\":\"ImageObject\",\"@id\":\"https:\/\/minyaka.com\/ponto\/a-propos\/#primaryimage\",\"inLanguage\":\"fr-FR\",\"url\":\"https:\/\/minyaka.com\/ponto\/wp-content\/uploads\/2020\/01\/70632143_2668816133150081_8575426931208486912_n.jpg\",\"contentUrl\":\"https:\/\/minyaka.com\/ponto\/wp-content\/uploads\/2020\/01\/70632143_2668816133150081_8575426931208486912_n.jpg\",\"width\":719,\"height\":869},{\"@type\":\"WebPage\",\"@id\":\"https:\/\/minyaka.com\/ponto\/a-propos\/#webpage\",\"url\":\"https:\/\/minyaka.com\/ponto\/a-propos\/\",\"name\":\"\\u00c0 Propos - Ponto\",\"isPartOf\":{\"@id\":\"https:\/\/minyaka.com\/ponto\/#website\"},\"primaryImageOfPage\":{\"@id\":\"https:\/\/minyaka.com\/ponto\/a-propos\/#primaryimage\"},\"datePublished\":\"2013-01-23T23:29:07+00:00\",\"dateModified\":\"2023-05-23T23:46:45+00:00\",\"breadcrumb\":{\"@id\":\"https:\/\/minyaka.com\/ponto\/a-propos\/#breadcrumb\"},\"inLanguage\":\"fr-FR\",\"potentialAction\":[{\"@type\":\"ReadAction\",\"target\":[\"https:\/\/minyaka.com\/ponto\/a-propos\/\"]}]},{\"@type\":\"BreadcrumbList\",\"@id\":\"https:\/\/minyaka.com\/ponto\/a-propos\/#breadcrumb\",\"itemListElement\":[{\"@type\":\"ListItem\",\"position\":1,\"name\":\"Accueil\",\"item\":\"https:\/\/minyaka.com\/ponto\/\"},{\"@type\":\"ListItem\",\"position\":2,\"name\":\"\\u00c0 Propos\"}]}]}<\/script>\n<!-- \/ Yoast SEO plugin. -->","yoast_head_json":{"robots":{"index":"index","follow":"follow","max-snippet":"max-snippet:-1","max-image-preview":"max-image-preview:large","max-video-preview":"max-video-preview:-1"},"canonical":"https:\/\/minyaka.com\/ponto\/a-propos\/","og_locale":"fr_FR","og_type":"article","og_title":"\u00c0 Propos - Ponto","og_description":"Ponto, c&rsquo;est l&rsquo;histoire d&rsquo;un jeune c\u00f4ne routier qui r\u00e9alise son r\u00eave en d\u00e9cidant de quitter son patelin natal en bordure de l&rsquo;autoroute 30 pour aller vivre \u00e0 Montr\u00e9al, une grande ville attrayante o\u00f9 les travaux\u00a0d&rsquo;infrastructure se multiplient \u00e0 chaque jour. [&hellip;] &darr; Read the rest of this entry...","og_url":"https:\/\/minyaka.com\/ponto\/a-propos\/","og_site_name":"Ponto","article_publisher":"https:\/\/www.facebook.com\/pontomontreal\/","article_modified_time":"2023-05-23T23:46:45+00:00","og_image":[{"url":"https:\/\/minyaka.com\/ponto\/wp-content\/uploads\/2020\/01\/70632143_2668816133150081_8575426931208486912_n-248x300.jpg"}],"twitter_card":"summary_large_image","twitter_site":"@ponto_mtl","twitter_misc":{"Dur\u00e9e de lecture est.":"4 minutes"},"schema":{"@context":"https:\/\/schema.org","@graph":[{"@type":"WebSite","@id":"https:\/\/minyaka.com\/ponto\/#website","url":"https:\/\/minyaka.com\/ponto\/","name":"Ponto","description":"Parce qu&#039;on aime tous Montr\u00e9al","potentialAction":[{"@type":"SearchAction","target":{"@type":"EntryPoint","urlTemplate":"https:\/\/minyaka.com\/ponto\/?s={search_term_string}"},"query-input":"required name=search_term_string"}],"inLanguage":"fr-FR"},{"@type":"ImageObject","@id":"https:\/\/minyaka.com\/ponto\/a-propos\/#primaryimage","inLanguage":"fr-FR","url":"https:\/\/minyaka.com\/ponto\/wp-content\/uploads\/2020\/01\/70632143_2668816133150081_8575426931208486912_n.jpg","contentUrl":"https:\/\/minyaka.com\/ponto\/wp-content\/uploads\/2020\/01\/70632143_2668816133150081_8575426931208486912_n.jpg","width":719,"height":869},{"@type":"WebPage","@id":"https:\/\/minyaka.com\/ponto\/a-propos\/#webpage","url":"https:\/\/minyaka.com\/ponto\/a-propos\/","name":"\u00c0 Propos - Ponto","isPartOf":{"@id":"https:\/\/minyaka.com\/ponto\/#website"},"primaryImageOfPage":{"@id":"https:\/\/minyaka.com\/ponto\/a-propos\/#primaryimage"},"datePublished":"2013-01-23T23:29:07+00:00","dateModified":"2023-05-23T23:46:45+00:00","breadcrumb":{"@id":"https:\/\/minyaka.com\/ponto\/a-propos\/#breadcrumb"},"inLanguage":"fr-FR","potentialAction":[{"@type":"ReadAction","target":["https:\/\/minyaka.com\/ponto\/a-propos\/"]}]},{"@type":"BreadcrumbList","@id":"https:\/\/minyaka.com\/ponto\/a-propos\/#breadcrumb","itemListElement":[{"@type":"ListItem","position":1,"name":"Accueil","item":"https:\/\/minyaka.com\/ponto\/"},{"@type":"ListItem","position":2,"name":"\u00c0 Propos"}]}]}},"_links":{"self":[{"href":"https:\/\/minyaka.com\/ponto\/wp-json\/wp\/v2\/pages\/8"}],"collection":[{"href":"https:\/\/minyaka.com\/ponto\/wp-json\/wp\/v2\/pages"}],"about":[{"href":"https:\/\/minyaka.com\/ponto\/wp-json\/wp\/v2\/types\/page"}],"author":[{"embeddable":true,"href":"https:\/\/minyaka.com\/ponto\/wp-json\/wp\/v2\/users\/1"}],"replies":[{"embeddable":true,"href":"https:\/\/minyaka.com\/ponto\/wp-json\/wp\/v2\/comments?post=8"}],"version-history":[{"count":37,"href":"https:\/\/minyaka.com\/ponto\/wp-json\/wp\/v2\/pages\/8\/revisions"}],"predecessor-version":[{"id":3801,"href":"https:\/\/minyaka.com\/ponto\/wp-json\/wp\/v2\/pages\/8\/revisions\/3801"}],"wp:attachment":[{"href":"https:\/\/minyaka.com\/ponto\/wp-json\/wp\/v2\/media?parent=8"}],"curies":[{"name":"wp","href":"https:\/\/api.w.org\/{rel}","templated":true}]}}