{"id":16,"date":"2013-01-23T18:39:56","date_gmt":"2013-01-23T23:39:56","guid":{"rendered":"http:\/\/minyaka.com\/ponto\/?page_id=16"},"modified":"2023-05-23T20:36:41","modified_gmt":"2023-05-24T00:36:41","slug":"personnages","status":"publish","type":"page","link":"https:\/\/minyaka.com\/ponto\/personnages\/","title":{"rendered":"Personnages"},"content":{"rendered":"<h3 style=\"text-align: left;\"><img loading=\"lazy\" class=\"alignnone wp-image-3802 \" src=\"https:\/\/minyaka.com\/ponto\/wp-content\/uploads\/2023\/05\/ponto.png\" alt=\"\" width=\"218\" height=\"218\" srcset=\"https:\/\/minyaka.com\/ponto\/wp-content\/uploads\/2023\/05\/ponto.png 900w, https:\/\/minyaka.com\/ponto\/wp-content\/uploads\/2023\/05\/ponto-300x300.png 300w, https:\/\/minyaka.com\/ponto\/wp-content\/uploads\/2023\/05\/ponto-150x150.png 150w, https:\/\/minyaka.com\/ponto\/wp-content\/uploads\/2023\/05\/ponto-768x768.png 768w\" sizes=\"(max-width: 218px) 100vw, 218px\" \/><\/h3>\n<h3 style=\"text-align: left;\"><span style=\"color: #333333;\">Ponto<\/span><\/h3>\n<p style=\"text-align: left;\"><span style=\"color: #333333;\">Enjou\u00e9 et espi\u00e8gle, Ponto a d\u00e9cid\u00e9 de r\u00e9aliser son r\u00eave et d&rsquo;aller vivre \u00e0 Montr\u00e9al, la ville aux \u00e9ternels chantiers routiers. Avec son enthousiasme l\u00e9gendaire, il fera de son mieux pour garder les montr\u00e9alais en s\u00e9curit\u00e9 et tout en am\u00e9liorant la ville un nid-de-poule \u00e0 la fois!<\/span><\/p>\n<p style=\"text-align: left;\"><span style=\"color: #333333;\">\u00a0<a href=\"https:\/\/minyaka.com\/ponto\/wp-content\/uploads\/2013\/01\/gerald1.png\"><img loading=\"lazy\" class=\"wp-image-3806  alignnone\" src=\"https:\/\/minyaka.com\/ponto\/wp-content\/uploads\/2023\/05\/gerald-300x300.png\" alt=\"\" width=\"193\" height=\"193\" srcset=\"https:\/\/minyaka.com\/ponto\/wp-content\/uploads\/2023\/05\/gerald-300x300.png 300w, https:\/\/minyaka.com\/ponto\/wp-content\/uploads\/2023\/05\/gerald-150x150.png 150w, https:\/\/minyaka.com\/ponto\/wp-content\/uploads\/2023\/05\/gerald.png 750w\" sizes=\"(max-width: 193px) 100vw, 193px\" \/><\/a><\/span><\/p>\n<h3 style=\"text-align: left;\"><span style=\"color: #333333;\">G\u00e9rald<\/span><\/h3>\n<p style=\"text-align: left;\"><span style=\"color: #333333;\"> G\u00e9rald devient le mentor de Ponto malgr\u00e9 lui. M\u00eame s&rsquo;il ne souri pas souvent et qu&rsquo;il a une attitude un peu cynique, c&rsquo;est un bon travailleur et respecte toujours les r\u00e8gles. Il a un faible pour le caf\u00e9.<\/span><\/p>\n<p style=\"text-align: left;\"><img loading=\"lazy\" class=\"alignnone wp-image-3807\" src=\"https:\/\/minyaka.com\/ponto\/wp-content\/uploads\/2023\/05\/kiko-300x300.png\" alt=\"\" width=\"232\" height=\"232\" srcset=\"https:\/\/minyaka.com\/ponto\/wp-content\/uploads\/2023\/05\/kiko-300x300.png 300w, https:\/\/minyaka.com\/ponto\/wp-content\/uploads\/2023\/05\/kiko-150x150.png 150w, https:\/\/minyaka.com\/ponto\/wp-content\/uploads\/2023\/05\/kiko.png 750w\" sizes=\"(max-width: 232px) 100vw, 232px\" \/><\/p>\n<h3 style=\"text-align: left;\"><span style=\"color: #333333;\">Kiko<\/span><\/h3>\n<p style=\"text-align: left;\"><span style=\"color: #333333;\">Banlieusarde de la Rive-Sud, Kiko vient travailler comme stagiaire \u00e0 la Ville de Montr\u00e9al pour faire plaisir \u00e0 ses parents. Son r\u00eave est d&rsquo;\u00eatre embauch\u00e9e sur les grands projets de condos car elle pense pouvoir y faire fortune rapidement. Sous ses airs de princesse, elle aime l&rsquo;action et faire les choses \u00e0 sa mani\u00e8re.<\/span><\/p>\n<p style=\"text-align: left;\">\n<h3 style=\"text-align: left;\"><img loading=\"lazy\" class=\"alignleft wp-image-3804 size-medium\" src=\"https:\/\/minyaka.com\/ponto\/wp-content\/uploads\/2023\/05\/Shingo-225x300.png\" alt=\"\" width=\"225\" height=\"300\" srcset=\"https:\/\/minyaka.com\/ponto\/wp-content\/uploads\/2023\/05\/Shingo-225x300.png 225w, https:\/\/minyaka.com\/ponto\/wp-content\/uploads\/2023\/05\/Shingo.png 563w\" sizes=\"(max-width: 225px) 100vw, 225px\" \/><\/h3>\n<h3 style=\"text-align: left;\"><\/h3>\n<h3 style=\"text-align: left;\"><\/h3>\n<h3 style=\"text-align: left;\"><\/h3>\n<h3 style=\"text-align: left;\"><\/h3>\n<h3 style=\"text-align: left;\"><\/h3>\n<h3 style=\"text-align: left;\"><\/h3>\n<h3 style=\"text-align: left;\"><\/h3>\n<h3 style=\"text-align: left;\"><\/h3>\n<h3 style=\"text-align: left;\"><strong>Shingo<\/strong><\/h3>\n<p style=\"text-align: left;\">Shingo est un feu de circulation bien montr\u00e9alais et un joueur de tours hors pair. Il a du style et il n&rsquo;h\u00e9site pas \u00e0 remettre les conducteurs trop impatients \u00e0 leur place.<br \/>\nIl deviendra rapidement le complice de Ponto.<\/p>\n<p style=\"text-align: left;\">\n<h3 style=\"text-align: left;\"><a href=\"https:\/\/minyaka.com\/ponto\/wp-content\/uploads\/2013\/01\/turcot1.png\"><img loading=\"lazy\" class=\"wp-image-3805  alignnone\" src=\"https:\/\/minyaka.com\/ponto\/wp-content\/uploads\/2023\/05\/Turcot-300x273.png\" alt=\"\" width=\"279\" height=\"254\" srcset=\"https:\/\/minyaka.com\/ponto\/wp-content\/uploads\/2023\/05\/Turcot-300x273.png 300w, https:\/\/minyaka.com\/ponto\/wp-content\/uploads\/2023\/05\/Turcot-768x698.png 768w, https:\/\/minyaka.com\/ponto\/wp-content\/uploads\/2023\/05\/Turcot.png 825w\" sizes=\"(max-width: 279px) 100vw, 279px\" \/><\/a><\/h3>\n<h3 style=\"text-align: left;\"><strong>\u00a0M. Turcot<\/strong><\/h3>\n<p>M. Turcot est un \u00e9changeur autoroutier qui transporte chaque jour des miliers de v\u00e9hicules sur son dos. Il y a quelques ann\u00e9es, il a commenc\u00e9 \u00e0 montrer des signes de fatigue pr\u00e9matur\u00e9s et le Minist\u00e8re des Transports veux l&rsquo;envoyer \u00e0 la retraite. Cependant personne n&rsquo;arrive \u00e0 s&rsquo;entendre sur le candidat qui devra le remplacer. Malgr\u00e9 tout, avec toute sa sagesse il se montre patient. Ponto vient souvent le voir pour lui demander conseil.<\/p>\n<p style=\"text-align: left;\">\n<p style=\"text-align: left;\">\n","protected":false},"excerpt":{"rendered":"<p>Ponto Enjou\u00e9 et espi\u00e8gle, Ponto a d\u00e9cid\u00e9 de r\u00e9aliser son r\u00eave et d&rsquo;aller vivre \u00e0 Montr\u00e9al, la ville aux \u00e9ternels chantiers routiers. Avec son enthousiasme l\u00e9gendaire, il fera de son mieux pour garder les montr\u00e9alais en s\u00e9curit\u00e9 et tout en [&hellip;] <a class=\"more-link\" href=\"https:\/\/minyaka.com\/ponto\/personnages\/\">&darr; Read the rest of this entry&#8230;<\/a><\/p>\n","protected":false},"author":1,"featured_media":0,"parent":0,"menu_order":0,"comment_status":"closed","ping_status":"closed","template":"","meta":[],"yoast_head":"<!-- This site is optimized with the Yoast SEO plugin v16.7 - https:\/\/yoast.com\/wordpress\/plugins\/seo\/ -->\n<meta name=\"robots\" content=\"index, follow, max-snippet:-1, max-image-preview:large, max-video-preview:-1\" \/>\n<link rel=\"canonical\" href=\"https:\/\/minyaka.com\/ponto\/personnages\/\" \/>\n<meta property=\"og:locale\" content=\"fr_FR\" \/>\n<meta property=\"og:type\" content=\"article\" \/>\n<meta property=\"og:title\" content=\"Personnages - Ponto\" \/>\n<meta property=\"og:description\" content=\"Ponto Enjou\u00e9 et espi\u00e8gle, Ponto a d\u00e9cid\u00e9 de r\u00e9aliser son r\u00eave et d&rsquo;aller vivre \u00e0 Montr\u00e9al, la ville aux \u00e9ternels chantiers routiers. Avec son enthousiasme l\u00e9gendaire, il fera de son mieux pour garder les montr\u00e9alais en s\u00e9curit\u00e9 et tout en [&hellip;] &darr; Read the rest of this entry...\" \/>\n<meta property=\"og:url\" content=\"https:\/\/minyaka.com\/ponto\/personnages\/\" \/>\n<meta property=\"og:site_name\" content=\"Ponto\" \/>\n<meta property=\"article:publisher\" content=\"https:\/\/www.facebook.com\/pontomontreal\/\" \/>\n<meta property=\"article:modified_time\" content=\"2023-05-24T00:36:41+00:00\" \/>\n<meta property=\"og:image\" content=\"https:\/\/minyaka.com\/ponto\/wp-content\/uploads\/2023\/05\/ponto.png\" \/>\n<meta name=\"twitter:card\" content=\"summary_large_image\" \/>\n<meta name=\"twitter:site\" content=\"@ponto_mtl\" \/>\n<meta name=\"twitter:label1\" content=\"Dur\u00e9e de lecture est.\" \/>\n\t<meta name=\"twitter:data1\" content=\"3 minutes\" \/>\n<script type=\"application\/ld+json\" class=\"yoast-schema-graph\">{\"@context\":\"https:\/\/schema.org\",\"@graph\":[{\"@type\":\"WebSite\",\"@id\":\"https:\/\/minyaka.com\/ponto\/#website\",\"url\":\"https:\/\/minyaka.com\/ponto\/\",\"name\":\"Ponto\",\"description\":\"Parce qu&#039;on aime tous Montr\\u00e9al\",\"potentialAction\":[{\"@type\":\"SearchAction\",\"target\":{\"@type\":\"EntryPoint\",\"urlTemplate\":\"https:\/\/minyaka.com\/ponto\/?s={search_term_string}\"},\"query-input\":\"required name=search_term_string\"}],\"inLanguage\":\"fr-FR\"},{\"@type\":\"ImageObject\",\"@id\":\"https:\/\/minyaka.com\/ponto\/personnages\/#primaryimage\",\"inLanguage\":\"fr-FR\",\"url\":\"https:\/\/minyaka.com\/ponto\/wp-content\/uploads\/2023\/05\/ponto.png\",\"contentUrl\":\"https:\/\/minyaka.com\/ponto\/wp-content\/uploads\/2023\/05\/ponto.png\",\"width\":900,\"height\":900},{\"@type\":\"WebPage\",\"@id\":\"https:\/\/minyaka.com\/ponto\/personnages\/#webpage\",\"url\":\"https:\/\/minyaka.com\/ponto\/personnages\/\",\"name\":\"Personnages - Ponto\",\"isPartOf\":{\"@id\":\"https:\/\/minyaka.com\/ponto\/#website\"},\"primaryImageOfPage\":{\"@id\":\"https:\/\/minyaka.com\/ponto\/personnages\/#primaryimage\"},\"datePublished\":\"2013-01-23T23:39:56+00:00\",\"dateModified\":\"2023-05-24T00:36:41+00:00\",\"breadcrumb\":{\"@id\":\"https:\/\/minyaka.com\/ponto\/personnages\/#breadcrumb\"},\"inLanguage\":\"fr-FR\",\"potentialAction\":[{\"@type\":\"ReadAction\",\"target\":[\"https:\/\/minyaka.com\/ponto\/personnages\/\"]}]},{\"@type\":\"BreadcrumbList\",\"@id\":\"https:\/\/minyaka.com\/ponto\/personnages\/#breadcrumb\",\"itemListElement\":[{\"@type\":\"ListItem\",\"position\":1,\"name\":\"Accueil\",\"item\":\"https:\/\/minyaka.com\/ponto\/\"},{\"@type\":\"ListItem\",\"position\":2,\"name\":\"Personnages\"}]}]}<\/script>\n<!-- \/ Yoast SEO plugin. -->","yoast_head_json":{"robots":{"index":"index","follow":"follow","max-snippet":"max-snippet:-1","max-image-preview":"max-image-preview:large","max-video-preview":"max-video-preview:-1"},"canonical":"https:\/\/minyaka.com\/ponto\/personnages\/","og_locale":"fr_FR","og_type":"article","og_title":"Personnages - Ponto","og_description":"Ponto Enjou\u00e9 et espi\u00e8gle, Ponto a d\u00e9cid\u00e9 de r\u00e9aliser son r\u00eave et d&rsquo;aller vivre \u00e0 Montr\u00e9al, la ville aux \u00e9ternels chantiers routiers. Avec son enthousiasme l\u00e9gendaire, il fera de son mieux pour garder les montr\u00e9alais en s\u00e9curit\u00e9 et tout en [&hellip;] &darr; Read the rest of this entry...","og_url":"https:\/\/minyaka.com\/ponto\/personnages\/","og_site_name":"Ponto","article_publisher":"https:\/\/www.facebook.com\/pontomontreal\/","article_modified_time":"2023-05-24T00:36:41+00:00","og_image":[{"url":"https:\/\/minyaka.com\/ponto\/wp-content\/uploads\/2023\/05\/ponto.png"}],"twitter_card":"summary_large_image","twitter_site":"@ponto_mtl","twitter_misc":{"Dur\u00e9e de lecture est.":"3 minutes"},"schema":{"@context":"https:\/\/schema.org","@graph":[{"@type":"WebSite","@id":"https:\/\/minyaka.com\/ponto\/#website","url":"https:\/\/minyaka.com\/ponto\/","name":"Ponto","description":"Parce qu&#039;on aime tous Montr\u00e9al","potentialAction":[{"@type":"SearchAction","target":{"@type":"EntryPoint","urlTemplate":"https:\/\/minyaka.com\/ponto\/?s={search_term_string}"},"query-input":"required name=search_term_string"}],"inLanguage":"fr-FR"},{"@type":"ImageObject","@id":"https:\/\/minyaka.com\/ponto\/personnages\/#primaryimage","inLanguage":"fr-FR","url":"https:\/\/minyaka.com\/ponto\/wp-content\/uploads\/2023\/05\/ponto.png","contentUrl":"https:\/\/minyaka.com\/ponto\/wp-content\/uploads\/2023\/05\/ponto.png","width":900,"height":900},{"@type":"WebPage","@id":"https:\/\/minyaka.com\/ponto\/personnages\/#webpage","url":"https:\/\/minyaka.com\/ponto\/personnages\/","name":"Personnages - Ponto","isPartOf":{"@id":"https:\/\/minyaka.com\/ponto\/#website"},"primaryImageOfPage":{"@id":"https:\/\/minyaka.com\/ponto\/personnages\/#primaryimage"},"datePublished":"2013-01-23T23:39:56+00:00","dateModified":"2023-05-24T00:36:41+00:00","breadcrumb":{"@id":"https:\/\/minyaka.com\/ponto\/personnages\/#breadcrumb"},"inLanguage":"fr-FR","potentialAction":[{"@type":"ReadAction","target":["https:\/\/minyaka.com\/ponto\/personnages\/"]}]},{"@type":"BreadcrumbList","@id":"https:\/\/minyaka.com\/ponto\/personnages\/#breadcrumb","itemListElement":[{"@type":"ListItem","position":1,"name":"Accueil","item":"https:\/\/minyaka.com\/ponto\/"},{"@type":"ListItem","position":2,"name":"Personnages"}]}]}},"_links":{"self":[{"href":"https:\/\/minyaka.com\/ponto\/wp-json\/wp\/v2\/pages\/16"}],"collection":[{"href":"https:\/\/minyaka.com\/ponto\/wp-json\/wp\/v2\/pages"}],"about":[{"href":"https:\/\/minyaka.com\/ponto\/wp-json\/wp\/v2\/types\/page"}],"author":[{"embeddable":true,"href":"https:\/\/minyaka.com\/ponto\/wp-json\/wp\/v2\/users\/1"}],"replies":[{"embeddable":true,"href":"https:\/\/minyaka.com\/ponto\/wp-json\/wp\/v2\/comments?post=16"}],"version-history":[{"count":21,"href":"https:\/\/minyaka.com\/ponto\/wp-json\/wp\/v2\/pages\/16\/revisions"}],"predecessor-version":[{"id":3809,"href":"https:\/\/minyaka.com\/ponto\/wp-json\/wp\/v2\/pages\/16\/revisions\/3809"}],"wp:attachment":[{"href":"https:\/\/minyaka.com\/ponto\/wp-json\/wp\/v2\/media?parent=16"}],"curies":[{"name":"wp","href":"https:\/\/api.w.org\/{rel}","templated":true}]}}